{"id":176,"date":"2021-05-18T04:40:38","date_gmt":"2021-05-18T04:40:38","guid":{"rendered":"http:\/\/localhost\/portagesalarial\/wordpress\/services\/"},"modified":"2021-12-24T15:15:09","modified_gmt":"2021-12-24T14:15:09","slug":"services","status":"publish","type":"page","link":"http:\/\/www.necos.ma\/?page_id=176","title":{"rendered":"Services"},"content":{"rendered":"\t\t<div data-elementor-type=\"wp-page\" data-elementor-id=\"176\" class=\"elementor elementor-176\" data-elementor-settings=\"[]\">\n\t\t\t\t\t\t\t<div class=\"elementor-section-wrap\">\n\t\t\t\t\t\t\t<section class=\"elementor-section elementor-top-section elementor-element elementor-element-2ea897d elementor-section-content-middle elementor-section-boxed elementor-section-height-default elementor-section-height-default\" data-id=\"2ea897d\" data-element_type=\"section\" data-settings=\"{&quot;background_background&quot;:&quot;classic&quot;}\">\n\t\t\t\t\t\t<div class=\"elementor-container elementor-column-gap-no\">\n\t\t\t\t\t<div class=\"elementor-column elementor-col-50 elementor-top-column elementor-element elementor-element-4ad8e35\" data-id=\"4ad8e35\" data-element_type=\"column\">\n\t\t\t<div class=\"elementor-widget-wrap elementor-element-populated\">\n\t\t\t\t\t\t\t\t<div class=\"elementor-element elementor-element-ae5e105 elementor-widget-mobile__width-inherit elementor-widget elementor-widget-heading\" data-id=\"ae5e105\" data-element_type=\"widget\" data-widget_type=\"heading.default\">\n\t\t\t\t<div class=\"elementor-widget-container\">\n\t\t\t<h1 class=\"elementor-heading-title elementor-size-default\">Nos services<\/h1>\t\t<\/div>\n\t\t\t\t<\/div>\n\t\t\t\t\t<\/div>\n\t\t<\/div>\n\t\t\t\t<div class=\"elementor-column elementor-col-50 elementor-top-column elementor-element elementor-element-b01694e\" data-id=\"b01694e\" data-element_type=\"column\">\n\t\t\t<div class=\"elementor-widget-wrap elementor-element-populated\">\n\t\t\t\t\t\t\t\t<div class=\"elementor-element elementor-element-4453c8f elementor-widget elementor-widget-image\" data-id=\"4453c8f\" data-element_type=\"widget\" data-widget_type=\"image.default\">\n\t\t\t\t<div class=\"elementor-widget-container\">\n\t\t\t\t\t\t\t\t\t\t\t\t\t\t\t<img decoding=\"async\" width=\"700\" height=\"372\" src=\"http:\/\/www.necos.ma\/wp-content\/uploads\/2021\/05\/inner-page-hero-img.jpg\" class=\"attachment-large size-large\" alt=\"\" loading=\"lazy\" srcset=\"http:\/\/www.necos.ma\/wp-content\/uploads\/2021\/05\/inner-page-hero-img.jpg 700w, http:\/\/www.necos.ma\/wp-content\/uploads\/2021\/05\/inner-page-hero-img-300x159.jpg 300w\" sizes=\"(max-width: 700px) 100vw, 700px\" \/>\t\t\t\t\t\t\t\t\t\t\t\t\t\t\t<\/div>\n\t\t\t\t<\/div>\n\t\t\t\t\t<\/div>\n\t\t<\/div>\n\t\t\t\t\t\t\t<\/div>\n\t\t<\/section>\n\t\t\t\t<section class=\"elementor-section elementor-top-section elementor-element elementor-element-ebb772c elementor-section-boxed elementor-section-height-default elementor-section-height-default\" data-id=\"ebb772c\" data-element_type=\"section\" data-settings=\"{&quot;background_background&quot;:&quot;classic&quot;}\">\n\t\t\t\t\t\t<div class=\"elementor-container elementor-column-gap-no\">\n\t\t\t\t\t<div class=\"elementor-column elementor-col-100 elementor-top-column elementor-element elementor-element-f752b22\" data-id=\"f752b22\" data-element_type=\"column\">\n\t\t\t<div class=\"elementor-widget-wrap elementor-element-populated\">\n\t\t\t\t\t\t\t\t<div class=\"elementor-element elementor-element-f12035b elementor-widget-mobile__width-inherit elementor-widget elementor-widget-heading\" data-id=\"f12035b\" data-element_type=\"widget\" data-widget_type=\"heading.default\">\n\t\t\t\t<div class=\"elementor-widget-container\">\n\t\t\t<h2 class=\"elementor-heading-title elementor-size-default\">Les ressources Humaines sont notre domaine d\u2019excellence.<br>\nFort de notre expertise sur le domaine du BTP nous offrons les services suivants :\n<\/h2>\t\t<\/div>\n\t\t\t\t<\/div>\n\t\t\t\t<section class=\"elementor-section elementor-inner-section elementor-element elementor-element-2c9ee2a elementor-section-boxed elementor-section-height-default elementor-section-height-default\" data-id=\"2c9ee2a\" data-element_type=\"section\">\n\t\t\t\t\t\t<div class=\"elementor-container elementor-column-gap-no\">\n\t\t\t\t\t<div class=\"elementor-column elementor-col-33 elementor-inner-column elementor-element elementor-element-e3f6188\" data-id=\"e3f6188\" data-element_type=\"column\">\n\t\t\t<div class=\"elementor-widget-wrap elementor-element-populated\">\n\t\t\t\t\t\t\t\t<div class=\"elementor-element elementor-element-de85afc elementor-widget elementor-widget-heading\" data-id=\"de85afc\" data-element_type=\"widget\" data-widget_type=\"heading.default\">\n\t\t\t\t<div class=\"elementor-widget-container\">\n\t\t\t<h4 class=\"elementor-heading-title elementor-size-default\">\u2022\tPortage Salarial <\/h4>\t\t<\/div>\n\t\t\t\t<\/div>\n\t\t\t\t\t<\/div>\n\t\t<\/div>\n\t\t\t\t<div class=\"elementor-column elementor-col-66 elementor-inner-column elementor-element elementor-element-e06ed99\" data-id=\"e06ed99\" data-element_type=\"column\">\n\t\t\t<div class=\"elementor-widget-wrap elementor-element-populated\">\n\t\t\t\t\t\t\t\t<div class=\"elementor-element elementor-element-e9e399a elementor-widget elementor-widget-text-editor\" data-id=\"e9e399a\" data-element_type=\"widget\" data-widget_type=\"text-editor.default\">\n\t\t\t\t<div class=\"elementor-widget-container\">\n\t\t\t\t\t\t\t<p>Le portage salarial est un ensemble de relations contractuelles organis\u00e9es entre une entreprise de portage, une personne port\u00e9e et des entreprises clientes comportant pour la personne port\u00e9e le r\u00e9gime du salariat et la r\u00e9mun\u00e9ration de sa prestation chez le client par l\u2019entreprise de portage.<\/p>\t\t\t\t\t\t<\/div>\n\t\t\t\t<\/div>\n\t\t\t\t\t<\/div>\n\t\t<\/div>\n\t\t\t\t\t\t\t<\/div>\n\t\t<\/section>\n\t\t\t\t<section class=\"elementor-section elementor-inner-section elementor-element elementor-element-23aa4b6 elementor-section-boxed elementor-section-height-default elementor-section-height-default\" data-id=\"23aa4b6\" data-element_type=\"section\">\n\t\t\t\t\t\t<div class=\"elementor-container elementor-column-gap-no\">\n\t\t\t\t\t<div class=\"elementor-column elementor-col-33 elementor-inner-column elementor-element elementor-element-bf7019c\" data-id=\"bf7019c\" data-element_type=\"column\">\n\t\t\t<div class=\"elementor-widget-wrap elementor-element-populated\">\n\t\t\t\t\t\t\t\t<div class=\"elementor-element elementor-element-2713817 elementor-widget elementor-widget-heading\" data-id=\"2713817\" data-element_type=\"widget\" data-widget_type=\"heading.default\">\n\t\t\t\t<div class=\"elementor-widget-container\">\n\t\t\t<h4 class=\"elementor-heading-title elementor-size-default\">\u2022\tAudit RH <\/h4>\t\t<\/div>\n\t\t\t\t<\/div>\n\t\t\t\t\t<\/div>\n\t\t<\/div>\n\t\t\t\t<div class=\"elementor-column elementor-col-66 elementor-inner-column elementor-element elementor-element-3618755\" data-id=\"3618755\" data-element_type=\"column\">\n\t\t\t<div class=\"elementor-widget-wrap elementor-element-populated\">\n\t\t\t\t\t\t\t\t<div class=\"elementor-element elementor-element-5355268 elementor-widget elementor-widget-text-editor\" data-id=\"5355268\" data-element_type=\"widget\" data-widget_type=\"text-editor.default\">\n\t\t\t\t<div class=\"elementor-widget-container\">\n\t\t\t\t\t\t\t<p>L\u2019audit RH consiste \u00e0 faire une appr\u00e9ciation sur l\u2019activit\u00e9 ressources humaines au sein de l\u2019entit\u00e9.<br \/>Il peut s\u2019agir d\u2019un audit de conformit\u00e9 (Respect des lois et de la r\u00e9glementation) comme il peut s\u2019agir d\u2019un audit d\u2019efficience exemple comment optimiser sa gestion ressources humaines citons le cas de l\u2019optimisation des imp\u00f4ts \u00e0 payer (IS et IR) et conna\u00eetre l\u2019impact des d\u00e9cisions de r\u00e9mun\u00e9ration sur les charges d\u00e9ductibles et non d\u00e9ductibles.<br \/>De ce fait la prestation d\u2019audit RH vous procurera un gain d\u2019optimisation au niveau de vos imp\u00f4ts (Charges \u00e0 payer).<\/p>\t\t\t\t\t\t<\/div>\n\t\t\t\t<\/div>\n\t\t\t\t\t<\/div>\n\t\t<\/div>\n\t\t\t\t\t\t\t<\/div>\n\t\t<\/section>\n\t\t\t\t<section class=\"elementor-section elementor-inner-section elementor-element elementor-element-2f97e0f elementor-section-boxed elementor-section-height-default elementor-section-height-default\" data-id=\"2f97e0f\" data-element_type=\"section\">\n\t\t\t\t\t\t<div class=\"elementor-container elementor-column-gap-no\">\n\t\t\t\t\t<div class=\"elementor-column elementor-col-33 elementor-inner-column elementor-element elementor-element-49186cc\" data-id=\"49186cc\" data-element_type=\"column\">\n\t\t\t<div class=\"elementor-widget-wrap elementor-element-populated\">\n\t\t\t\t\t\t\t\t<div class=\"elementor-element elementor-element-2ca0de9 elementor-widget elementor-widget-heading\" data-id=\"2ca0de9\" data-element_type=\"widget\" data-widget_type=\"heading.default\">\n\t\t\t\t<div class=\"elementor-widget-container\">\n\t\t\t<h4 class=\"elementor-heading-title elementor-size-default\">\u2022\tRecrutement<\/h4>\t\t<\/div>\n\t\t\t\t<\/div>\n\t\t\t\t\t<\/div>\n\t\t<\/div>\n\t\t\t\t<div class=\"elementor-column elementor-col-66 elementor-inner-column elementor-element elementor-element-6b78261\" data-id=\"6b78261\" data-element_type=\"column\">\n\t\t\t<div class=\"elementor-widget-wrap elementor-element-populated\">\n\t\t\t\t\t\t\t\t<div class=\"elementor-element elementor-element-c0c1870 elementor-widget elementor-widget-text-editor\" data-id=\"c0c1870\" data-element_type=\"widget\" data-widget_type=\"text-editor.default\">\n\t\t\t\t<div class=\"elementor-widget-container\">\n\t\t\t\t\t\t\t<p>Fort de notre connaissance du domaine et de notre base de donn\u00e9es recrutement nous nous engageons \u00e0 fournir les ressources humaines n\u00e9cessaires selon votre besoin.<br \/>Notre cr\u00e9do \u00e9tant Satisfait ou Rembours\u00e9. Nous veillons \u00e0 l\u2019op\u00e9rationnalisation du nouveau recrut\u00e9 sinon nous proc\u00e9dons \u00e0 son changement ;<\/p>\t\t\t\t\t\t<\/div>\n\t\t\t\t<\/div>\n\t\t\t\t\t<\/div>\n\t\t<\/div>\n\t\t\t\t\t\t\t<\/div>\n\t\t<\/section>\n\t\t\t\t<section class=\"elementor-section elementor-inner-section elementor-element elementor-element-09f390f elementor-section-boxed elementor-section-height-default elementor-section-height-default\" data-id=\"09f390f\" data-element_type=\"section\">\n\t\t\t\t\t\t<div class=\"elementor-container elementor-column-gap-no\">\n\t\t\t\t\t<div class=\"elementor-column elementor-col-33 elementor-inner-column elementor-element elementor-element-543d3b9\" data-id=\"543d3b9\" data-element_type=\"column\">\n\t\t\t<div class=\"elementor-widget-wrap elementor-element-populated\">\n\t\t\t\t\t\t\t\t<div class=\"elementor-element elementor-element-b4764bd elementor-widget elementor-widget-heading\" data-id=\"b4764bd\" data-element_type=\"widget\" data-widget_type=\"heading.default\">\n\t\t\t\t<div class=\"elementor-widget-container\">\n\t\t\t<h4 class=\"elementor-heading-title elementor-size-default\">\u2022\tSous-traitance de la Gestion Administrative du Personnel<\/h4>\t\t<\/div>\n\t\t\t\t<\/div>\n\t\t\t\t\t<\/div>\n\t\t<\/div>\n\t\t\t\t<div class=\"elementor-column elementor-col-66 elementor-inner-column elementor-element elementor-element-dbc0267\" data-id=\"dbc0267\" data-element_type=\"column\">\n\t\t\t<div class=\"elementor-widget-wrap elementor-element-populated\">\n\t\t\t\t\t\t\t\t<div class=\"elementor-element elementor-element-21bfa49 elementor-widget elementor-widget-text-editor\" data-id=\"21bfa49\" data-element_type=\"widget\" data-widget_type=\"text-editor.default\">\n\t\t\t\t<div class=\"elementor-widget-container\">\n\t\t\t\t\t\t\t<p>Nous vous soulageons des soucis administratifs en mati\u00e8re de :<br \/>-Paie ;<br \/>&#8211; D\u00e9clarations sociales ;<br \/>-Gestion des accidents de travail :<br \/>o Nous vous accompagnons pour \u00e9viter toute surfacturation des compagnies d\u2019assurance ;<br \/>o Nous nous chargeons du traitement administratif des accidents de travail ce qui constitue une diminution consid\u00e9rable de votre charge de travail ;<br \/>Pour mieux se concentrer sur votre activit\u00e9 ;<\/p>\t\t\t\t\t\t<\/div>\n\t\t\t\t<\/div>\n\t\t\t\t\t<\/div>\n\t\t<\/div>\n\t\t\t\t\t\t\t<\/div>\n\t\t<\/section>\n\t\t\t\t<section class=\"elementor-section elementor-inner-section elementor-element elementor-element-a14ad66 elementor-section-boxed elementor-section-height-default elementor-section-height-default\" data-id=\"a14ad66\" data-element_type=\"section\">\n\t\t\t\t\t\t<div class=\"elementor-container elementor-column-gap-no\">\n\t\t\t\t\t<div class=\"elementor-column elementor-col-33 elementor-inner-column elementor-element elementor-element-7c2b688\" data-id=\"7c2b688\" data-element_type=\"column\">\n\t\t\t<div class=\"elementor-widget-wrap elementor-element-populated\">\n\t\t\t\t\t\t\t\t<div class=\"elementor-element elementor-element-1e4f9a7 elementor-widget elementor-widget-heading\" data-id=\"1e4f9a7\" data-element_type=\"widget\" data-widget_type=\"heading.default\">\n\t\t\t\t<div class=\"elementor-widget-container\">\n\t\t\t<h4 class=\"elementor-heading-title elementor-size-default\">\u2022\tMise \u00e0 disposition de pointeuses connect\u00e9es <\/h4>\t\t<\/div>\n\t\t\t\t<\/div>\n\t\t\t\t\t<\/div>\n\t\t<\/div>\n\t\t\t\t<div class=\"elementor-column elementor-col-66 elementor-inner-column elementor-element elementor-element-3402706\" data-id=\"3402706\" data-element_type=\"column\">\n\t\t\t<div class=\"elementor-widget-wrap elementor-element-populated\">\n\t\t\t\t\t\t\t\t<div class=\"elementor-element elementor-element-b18d993 elementor-widget elementor-widget-text-editor\" data-id=\"b18d993\" data-element_type=\"widget\" data-widget_type=\"text-editor.default\">\n\t\t\t\t<div class=\"elementor-widget-container\">\n\t\t\t\t\t\t\t<p>Gr\u00e2ce \u00e0 notre expertise sur le domaine du BTP nous avons d\u00e9velopp\u00e9 des pointeuses connect\u00e9es qui fournissent du pointage en temps r\u00e9el.<\/p><p><span style=\"font-style: inherit; font-weight: inherit; background-color: var( --e-global-color-astglobalcolor5 ); color: var(--ast-global-color-3);\">Cela vous \u00e9vite tous les tracas administratifs de cette activit\u00e9.<\/span><\/p>\t\t\t\t\t\t<\/div>\n\t\t\t\t<\/div>\n\t\t\t\t\t<\/div>\n\t\t<\/div>\n\t\t\t\t\t\t\t<\/div>\n\t\t<\/section>\n\t\t\t\t<section class=\"elementor-section elementor-inner-section elementor-element elementor-element-a4fa3d5 elementor-section-boxed elementor-section-height-default elementor-section-height-default\" data-id=\"a4fa3d5\" data-element_type=\"section\">\n\t\t\t\t\t\t<div class=\"elementor-container elementor-column-gap-no\">\n\t\t\t\t\t<div class=\"elementor-column elementor-col-33 elementor-inner-column elementor-element elementor-element-20ff08a\" data-id=\"20ff08a\" data-element_type=\"column\">\n\t\t\t<div class=\"elementor-widget-wrap elementor-element-populated\">\n\t\t\t\t\t\t\t\t<div class=\"elementor-element elementor-element-27e4294 elementor-widget elementor-widget-heading\" data-id=\"27e4294\" data-element_type=\"widget\" data-widget_type=\"heading.default\">\n\t\t\t\t<div class=\"elementor-widget-container\">\n\t\t\t<h4 class=\"elementor-heading-title elementor-size-default\">\u2022\tSuivi du Personnel sur Chantier :<\/h4>\t\t<\/div>\n\t\t\t\t<\/div>\n\t\t\t\t\t<\/div>\n\t\t<\/div>\n\t\t\t\t<div class=\"elementor-column elementor-col-66 elementor-inner-column elementor-element elementor-element-7794eee\" data-id=\"7794eee\" data-element_type=\"column\">\n\t\t\t<div class=\"elementor-widget-wrap elementor-element-populated\">\n\t\t\t\t\t\t\t\t<div class=\"elementor-element elementor-element-0a5d80b elementor-widget elementor-widget-text-editor\" data-id=\"0a5d80b\" data-element_type=\"widget\" data-widget_type=\"text-editor.default\">\n\t\t\t\t<div class=\"elementor-widget-container\">\n\t\t\t\t\t\t\t<p>Nous avons les \u00e9quipes n\u00e9cessaires pour veiller \u00e0 la bonne marche des chantiers et au respect des conditions d\u2019hygi\u00e8ne, s\u00e9curit\u00e9 et environnement ;<br \/>Rappel des exigences sur chantier BTP :<br \/>o Evaluation des Risques sur Chantier ;<br \/>o Sensibilisation des collaborateurs sur les risques du chantier ;<br \/>o V\u00e9rification et contr\u00f4le du respect du port des moyens de s\u00e9curit\u00e9 ;<br \/>o Accompagnement en cas d\u2019accident ;<\/p>\t\t\t\t\t\t<\/div>\n\t\t\t\t<\/div>\n\t\t\t\t\t<\/div>\n\t\t<\/div>\n\t\t\t\t\t\t\t<\/div>\n\t\t<\/section>\n\t\t\t\t<section class=\"elementor-section elementor-inner-section elementor-element elementor-element-4fd4394 elementor-section-boxed elementor-section-height-default elementor-section-height-default\" data-id=\"4fd4394\" data-element_type=\"section\">\n\t\t\t\t\t\t<div class=\"elementor-container elementor-column-gap-no\">\n\t\t\t\t\t<div class=\"elementor-column elementor-col-33 elementor-inner-column elementor-element elementor-element-9bb505c\" data-id=\"9bb505c\" data-element_type=\"column\">\n\t\t\t<div class=\"elementor-widget-wrap elementor-element-populated\">\n\t\t\t\t\t\t\t\t<div class=\"elementor-element elementor-element-216223e elementor-widget elementor-widget-heading\" data-id=\"216223e\" data-element_type=\"widget\" data-widget_type=\"heading.default\">\n\t\t\t\t<div class=\"elementor-widget-container\">\n\t\t\t<h4 class=\"elementor-heading-title elementor-size-default\">\u2022\tMise en place d\u2019un d\u00e9partement RH cl\u00e9 en main <\/h4>\t\t<\/div>\n\t\t\t\t<\/div>\n\t\t\t\t\t<\/div>\n\t\t<\/div>\n\t\t\t\t<div class=\"elementor-column elementor-col-66 elementor-inner-column elementor-element elementor-element-24c4dd3\" data-id=\"24c4dd3\" data-element_type=\"column\">\n\t\t\t<div class=\"elementor-widget-wrap elementor-element-populated\">\n\t\t\t\t\t\t\t\t<div class=\"elementor-element elementor-element-dd4937b elementor-widget elementor-widget-text-editor\" data-id=\"dd4937b\" data-element_type=\"widget\" data-widget_type=\"text-editor.default\">\n\t\t\t\t<div class=\"elementor-widget-container\">\n\t\t\t\t\t\t\t<p>o Administration du personnel<br \/>o D\u00e9veloppement RH<br \/>o GPEC (Gestion Pr\u00e9visionnelle Des Emploies Comp\u00e9tences)<br \/>o RSE (Responsabilit\u00e9 Sociale de l\u2019Entreprise)<br \/>o Outils d\u2019aide \u00e0 l\u2019\u00e9tablissement du budget de la masse salariale<br \/>o Conseil Strat\u00e9gique RH sur-mesure<\/p>\t\t\t\t\t\t<\/div>\n\t\t\t\t<\/div>\n\t\t\t\t\t<\/div>\n\t\t<\/div>\n\t\t\t\t\t\t\t<\/div>\n\t\t<\/section>\n\t\t\t\t<section class=\"elementor-section elementor-inner-section elementor-element elementor-element-80c2765 elementor-section-boxed elementor-section-height-default elementor-section-height-default\" data-id=\"80c2765\" data-element_type=\"section\">\n\t\t\t\t\t\t<div class=\"elementor-container elementor-column-gap-no\">\n\t\t\t\t\t<div class=\"elementor-column elementor-col-33 elementor-inner-column elementor-element elementor-element-94f1b1d\" data-id=\"94f1b1d\" data-element_type=\"column\">\n\t\t\t<div class=\"elementor-widget-wrap elementor-element-populated\">\n\t\t\t\t\t\t\t\t<div class=\"elementor-element elementor-element-c50d8fa elementor-widget elementor-widget-heading\" data-id=\"c50d8fa\" data-element_type=\"widget\" data-widget_type=\"heading.default\">\n\t\t\t\t<div class=\"elementor-widget-container\">\n\t\t\t<h4 class=\"elementor-heading-title elementor-size-default\">\u2022\tIng\u00e9nierie RH (IRH)<\/h4>\t\t<\/div>\n\t\t\t\t<\/div>\n\t\t\t\t\t<\/div>\n\t\t<\/div>\n\t\t\t\t<div class=\"elementor-column elementor-col-66 elementor-inner-column elementor-element elementor-element-5a93161\" data-id=\"5a93161\" data-element_type=\"column\">\n\t\t\t<div class=\"elementor-widget-wrap elementor-element-populated\">\n\t\t\t\t\t\t\t\t<div class=\"elementor-element elementor-element-3973ad4 elementor-widget elementor-widget-text-editor\" data-id=\"3973ad4\" data-element_type=\"widget\" data-widget_type=\"text-editor.default\">\n\t\t\t\t<div class=\"elementor-widget-container\">\n\t\t\t\t\t\t\t<p>o Formation et mise en place de politiques RH ET HSE<br \/>o Gestion des risques professionnels et psychosociaux<br \/>o Politique de management RH et gestion de projet<\/p>\t\t\t\t\t\t<\/div>\n\t\t\t\t<\/div>\n\t\t\t\t\t<\/div>\n\t\t<\/div>\n\t\t\t\t\t\t\t<\/div>\n\t\t<\/section>\n\t\t\t\t\t<\/div>\n\t\t<\/div>\n\t\t\t\t\t\t\t<\/div>\n\t\t<\/section>\n\t\t\t\t\t\t<\/div>\n\t\t\t\t\t<\/div>\n\t\t","protected":false},"excerpt":{"rendered":"<p>Nos services Les ressources Humaines sont notre domaine d\u2019excellence. Fort de notre expertise sur le domaine du BTP nous offrons les services suivants : \u2022 Portage Salarial Le portage salarial est un ensemble de relations contractuelles organis\u00e9es entre une entreprise de portage, une personne port\u00e9e et des entreprises clientes comportant pour la personne port\u00e9e le &hellip;<\/p>\n<p class=\"read-more\"> <a class=\"\" href=\"http:\/\/www.necos.ma\/?page_id=176\"> <span class=\"screen-reader-text\">Services<\/span> Lire la suite\u00a0\u00bb<\/a><\/p>\n","protected":false},"author":1,"featured_media":0,"parent":0,"menu_order":0,"comment_status":"closed","ping_status":"closed","template":"","meta":[],"_links":{"self":[{"href":"http:\/\/www.necos.ma\/index.php?rest_route=\/wp\/v2\/pages\/176"}],"collection":[{"href":"http:\/\/www.necos.ma\/index.php?rest_route=\/wp\/v2\/pages"}],"about":[{"href":"http:\/\/www.necos.ma\/index.php?rest_route=\/wp\/v2\/types\/page"}],"author":[{"embeddable":true,"href":"http:\/\/www.necos.ma\/index.php?rest_route=\/wp\/v2\/users\/1"}],"replies":[{"embeddable":true,"href":"http:\/\/www.necos.ma\/index.php?rest_route=%2Fwp%2Fv2%2Fcomments&post=176"}],"version-history":[{"count":9,"href":"http:\/\/www.necos.ma\/index.php?rest_route=\/wp\/v2\/pages\/176\/revisions"}],"predecessor-version":[{"id":375,"href":"http:\/\/www.necos.ma\/index.php?rest_route=\/wp\/v2\/pages\/176\/revisions\/375"}],"wp:attachment":[{"href":"http:\/\/www.necos.ma\/index.php?rest_route=%2Fwp%2Fv2%2Fmedia&parent=176"}],"curies":[{"name":"wp","href":"https:\/\/api.w.org\/{rel}","templated":true}]}}